{"id":111,"date":"2025-07-03T13:40:31","date_gmt":"2025-07-03T13:40:31","guid":{"rendered":"http:\/\/akcjaantydyskryminacja.pl\/?page_id=111"},"modified":"2025-07-24T09:55:00","modified_gmt":"2025-07-24T09:55:00","slug":"rekrutacja","status":"publish","type":"page","link":"https:\/\/akcjaantydyskryminacja.pl\/?page_id=111","title":{"rendered":"Rekrutacja"},"content":{"rendered":"\n<div class=\"wp-block-cover alignfull is-light has-custom-content-position is-position-center-left wp-duotone-unset-1\"><img loading=\"lazy\" decoding=\"async\" width=\"1024\" height=\"1024\" class=\"wp-block-cover__image-background wp-image-55 size-large\" alt=\"\" src=\"https:\/\/akcjaantydyskryminacja.pl\/wp-content\/uploads\/2025\/07\/5bba98e7-e708-47f6-81c0-3c1e8a35eed9-1024x1024.jpg\" data-object-fit=\"cover\" srcset=\"https:\/\/akcjaantydyskryminacja.pl\/wp-content\/uploads\/2025\/07\/5bba98e7-e708-47f6-81c0-3c1e8a35eed9-1024x1024.jpg 1024w, https:\/\/akcjaantydyskryminacja.pl\/wp-content\/uploads\/2025\/07\/5bba98e7-e708-47f6-81c0-3c1e8a35eed9-300x300.jpg 300w, https:\/\/akcjaantydyskryminacja.pl\/wp-content\/uploads\/2025\/07\/5bba98e7-e708-47f6-81c0-3c1e8a35eed9-150x150.jpg 150w, https:\/\/akcjaantydyskryminacja.pl\/wp-content\/uploads\/2025\/07\/5bba98e7-e708-47f6-81c0-3c1e8a35eed9-768x768.jpg 768w, https:\/\/akcjaantydyskryminacja.pl\/wp-content\/uploads\/2025\/07\/5bba98e7-e708-47f6-81c0-3c1e8a35eed9-1536x1536.jpg 1536w, https:\/\/akcjaantydyskryminacja.pl\/wp-content\/uploads\/2025\/07\/5bba98e7-e708-47f6-81c0-3c1e8a35eed9-2048x2048.jpg 2048w\" sizes=\"auto, (max-width: 1024px) 100vw, 1024px\" \/><span aria-hidden=\"true\" class=\"wp-block-cover__background has-background-dim\" style=\"background-color:#dad6d5\"><\/span><div class=\"wp-block-cover__inner-container is-layout-constrained wp-block-cover-is-layout-constrained\">\n<h1 class=\"wp-block-heading has-text-align-center has-ast-global-color-0-color has-text-color has-background has-link-color wp-elements-3bb0f24d3540db2aaf397347ab65ce97\" style=\"background-color:#e0e4fa;font-size:52px\"><strong>Akcja ANTYDyskryminacja<\/strong><\/h1>\n<\/div><\/div>\n\n\n\n<div style=\"height:20px\" aria-hidden=\"true\" class=\"wp-block-spacer\"><\/div>\n\n\n\n<figure class=\"wp-block-image aligncenter size-large\"><img loading=\"lazy\" decoding=\"async\" width=\"1024\" height=\"103\" src=\"https:\/\/akcjaantydyskryminacja.pl\/wp-content\/uploads\/2025\/07\/FERPUELODZKIE-1024x103.png\" alt=\"\" class=\"wp-image-33\" srcset=\"https:\/\/akcjaantydyskryminacja.pl\/wp-content\/uploads\/2025\/07\/FERPUELODZKIE-1024x103.png 1024w, https:\/\/akcjaantydyskryminacja.pl\/wp-content\/uploads\/2025\/07\/FERPUELODZKIE-300x30.png 300w, https:\/\/akcjaantydyskryminacja.pl\/wp-content\/uploads\/2025\/07\/FERPUELODZKIE-768x77.png 768w, https:\/\/akcjaantydyskryminacja.pl\/wp-content\/uploads\/2025\/07\/FERPUELODZKIE-1536x155.png 1536w, https:\/\/akcjaantydyskryminacja.pl\/wp-content\/uploads\/2025\/07\/FERPUELODZKIE-2048x206.png 2048w\" sizes=\"auto, (max-width: 1024px) 100vw, 1024px\" \/><\/figure>\n\n\n\n<div style=\"height:20px\" aria-hidden=\"true\" class=\"wp-block-spacer\"><\/div>\n\n\n\n<h2 class=\"wp-block-heading alignwide\">Warunki uczestnictwa w projekcie<\/h2>\n\n\n\n<div class=\"wp-block-group alignfull has-ast-global-color-4-background-color has-background is-layout-constrained wp-container-core-group-is-layout-f1ba3e7e wp-block-group-is-layout-constrained\">\n<ol style=\"font-size:22px\" class=\"wp-block-list\">\n<li class=\"has-ast-global-color-0-color has-text-color has-link-color wp-elements-fc101684283a283c7015b9e524737276\">Zamieszkiwanie, pobieranie nauki lub praca w wojew\u00f3dztwie \u0142\u00f3dzkim.<\/li>\n\n\n\n<li class=\"has-ast-global-color-0-color has-text-color has-link-color wp-elements-5e724b7a5fa1a1660954de6fbbf13430\">Posiadanie statusu cudzoziemcy.<\/li>\n\n\n\n<li class=\"has-ast-global-color-0-color has-text-color has-link-color wp-elements-5d2526ef919d2e7b1fd87d06555ede69\">Do\u015bwiadczanie dyskryminacji, tj. przynale\u017cno\u015b\u0107 do os\u00f3b, wobec kt\u00f3rych stosowano mow\u0119 nienawi\u015bci, gorsze traktowanie lub przemoc ze wzgl\u0119du na przes\u0142ank\u0119 pochodzenia etnicznego (przynale\u017cno\u015bci kulturalnej\/migracji).<\/li>\n\n\n\n<li class=\"has-ast-global-color-0-color has-text-color has-link-color wp-elements-b5fe67362851c8fdb2c06d72abc28015\">Posiadanie statusu osoby niezatrudnionej (osoba bierna zawodowo lub bezrobotna, w tym d\u0142ugotrwale bezrobotna).<\/li>\n\n\n\n<li class=\"has-ast-global-color-0-color has-text-color has-link-color wp-elements-7a634e94afad4732d545b46ab339ef9a\">Posiadanie statusu osoby pracuj\u0105cej.<\/li>\n\n\n\n<li class=\"has-ast-global-color-0-color has-text-color has-link-color wp-elements-81fdc99caf9a715254a95318809fbec3\">Zapoznanie si\u0119 z regulaminem realizacji projektu oraz z\u0142o\u017cenie wymaganych dokument\u00f3w rekrutacyjnych i innych dokument\u00f3w (w tym urz\u0119dowych) wymaganych w procesie rekrutacji, je\u015bli dotycz\u0105 danej osoby, m.in. za\u015bwiadczenie Zak\u0142adu Ubezpiecze\u0144 Spo\u0142ecznych (ZUS), za\u015bwiadczenie z urz\u0119du pracy, orzeczenie o niepe\u0142nosprawno\u015bci.<\/li>\n<\/ol>\n<\/div>\n\n\n\n<div style=\"height:20px\" aria-hidden=\"true\" class=\"wp-block-spacer\"><\/div>\n\n\n\n<h2 class=\"wp-block-heading alignwide\">Wymagane dokumenty<\/h2>\n\n\n\n<div class=\"wp-block-group alignfull has-ast-global-color-4-background-color has-background is-layout-constrained wp-container-core-group-is-layout-8afb3cbd wp-block-group-is-layout-constrained\">\n<ol style=\"font-size:22px\" class=\"wp-block-list\">\n<li class=\"has-ast-global-color-0-color has-text-color has-link-color wp-elements-787073b4709fb0596324e62c4fba73b6\">Formularz rekrutacyjny<\/li>\n\n\n\n<li class=\"has-ast-global-color-0-color has-text-color has-link-color wp-elements-4cc12e51aa8657789152a73eeed9af53\">O\u015bwiadczenie kandydata\/kandydatki o do\u015bwiadczaniu dyskryminacji<\/li>\n\n\n\n<li class=\"has-ast-global-color-0-color has-text-color has-link-color wp-elements-e6e10daf0a23e92ec8ad1e644f675baf\">Formularz wst\u0119pnej diagnozy kieruj\u0105cej do specjalisty<\/li>\n\n\n\n<li class=\"has-ast-global-color-0-color has-text-color has-link-color wp-elements-bd72a49affff26ce235786d24b541984\">Kopia paszportu lub innego dokumentu potwierdzaj\u0105cego obywatelstwo, kopia dokumentu podr\u00f3\u017cy i zezwolenie na pobyt czasowy (karta pobytu), kopia zezwolenia na pobyt sta\u0142y lub rezydentur\u0119 d\u0142ugoterminow\u0105 UE, kopia decyzji w sprawie udzielenia ochrony mi\u0119dzynarodowej (dokumenty urz\u0119dowe)<\/li>\n\n\n\n<li class=\"has-ast-global-color-0-color has-text-color has-link-color wp-elements-ba972307f25f01a6f0588de4fe1fb1ca\">Za\u015bwiadczenie z urz\u0119du pracy lub Zak\u0142adu Ubezpiecze\u0144 Spo\u0142ecznych lub potwierdzenie wygenerowane z Platformy Us\u0142ug Elektronicznych ZUS &#8211; w przypadku os\u00f3b niezatrudnionych: odpowiednio bezrobotnych lub biernych zawodowo (dokumenty urz\u0119dowe)<\/li>\n\n\n\n<li class=\"has-ast-global-color-0-color has-text-color has-link-color wp-elements-186368a3089f66318a4c7ad48e45869c\">Orzeczenie o niepe\u0142nosprawno\u015bci w rozumieniu przepis\u00f3w ustawy z dnia 27 sierpnia 1997 r. o rehabilitacji zawodowej i spo\u0142ecznej oraz zatrudnianiu os\u00f3b niepe\u0142nosprawnych (Dz. U. z 2023 r. poz. 100, z p\u00f3\u017an. zm.), a tak\u017ce osoby z zaburzeniami psychicznymi w rozumieniu ustawy z dnia 19 sierpnia 1994 r. o ochronie zdrowia psychicznego (Dz. U. z 2022 r. poz. 2123) \u2013 w przypadku os\u00f3b z niepe\u0142nosprawno\u015bci\u0105 (dokumenty urz\u0119dowe)<\/li>\n\n\n\n<li class=\"has-ast-global-color-0-color has-text-color has-link-color wp-elements-fece8d990e650242799cbbb86d05a2bc\">Za\u015bwiadczenie pracodawcy potwierdzaj\u0105ce zatrudnienie pracownika (za\u0142\u0105cznik nr 4 do regulaminu realizacji projektu) albo kopia umowy o prac\u0119 lub inny dokument potwierdzaj\u0105cy zatrudnienie \u2013 w przypadku os\u00f3b pracuj\u0105cych<\/li>\n\n\n\n<li class=\"has-ast-global-color-0-color has-text-color has-link-color wp-elements-2413cbf9d3ee64cfba0777e479f1d94c\">Kopia umowy\/porozumienia o wykonywaniu \u015bwiadcze\u0144 wolontariackich \u2013 w przypadku wolontariuszy<\/li>\n<\/ol>\n<\/div>\n\n\n\n<div class=\"wp-block-group alignfull has-background is-layout-constrained wp-container-core-group-is-layout-c6151af2 wp-block-group-is-layout-constrained\" style=\"background-color:#dde1f7;padding-top:104px;padding-bottom:104px\">\n<div class=\"wp-block-group is-nowrap is-layout-flex wp-container-core-group-is-layout-6c531013 wp-block-group-is-layout-flex\">\n<p class=\"has-text-align-left has-ast-global-color-0-color has-text-color\"><strong>Projekt <strong>Akcja ANTYDyskryminacja<\/strong><\/strong> <strong>zosta\u0142 dofinansowany w ramach programu Fundusze Europejskie dla \u0141\u00f3dzkiego 2021\u20132027, Priorytet 7 \u2013 Fundusze europejskie dla zatrudnienia i integracji w \u0141\u00f3dzkiem, Dzia\u0142anie FELD.07.05 \u2013 Integracja i spo\u0142ecze\u0144stwo obywatelskie, w ramach naboru FELD.07.05-IP.01-003\/24. Umowa o dofinansowanie projektu zosta\u0142a zawarta z Wojew\u00f3dzkim Urz\u0119dem Pracy w \u0141odzi.<\/strong><\/p>\n<\/div>\n<\/div>\n\n\n\n<p><\/p>\n","protected":false},"excerpt":{"rendered":"<p>Warunki uczestnictwa w projekcie Wymagane dokumenty Projekt Akcja ANTYDyskryminacja zosta\u0142 dofinansowany w ramach programu Fundusze Europejskie dla \u0141\u00f3dzkiego 2021\u20132027, Priorytet 7 \u2013 Fundusze europejskie dla zatrudnienia i integracji w \u0141\u00f3dzkiem, Dzia\u0142anie FELD.07.05 \u2013 Integracja i spo\u0142ecze\u0144stwo obywatelskie, w ramach naboru FELD.07.05-IP.01-003\/24. Umowa o dofinansowanie projektu zosta\u0142a zawarta z Wojew\u00f3dzkim Urz\u0119dem Pracy w \u0141odzi.<\/p>\n","protected":false},"author":1,"featured_media":0,"parent":0,"menu_order":0,"comment_status":"closed","ping_status":"closed","template":"","meta":{"site-sidebar-layout":"default","site-content-layout":"","ast-site-content-layout":"default","site-content-style":"default","site-sidebar-style":"default","ast-global-header-display":"","ast-banner-title-visibility":"","ast-main-header-display":"","ast-hfb-above-header-display":"","ast-hfb-below-header-display":"","ast-hfb-mobile-header-display":"","site-post-title":"disabled","ast-breadcrumbs-content":"","ast-featured-img":"","footer-sml-layout":"","theme-transparent-header-meta":"","adv-header-id-meta":"","stick-header-meta":"","header-above-stick-meta":"","header-main-stick-meta":"","header-below-stick-meta":"","astra-migrate-meta-layouts":"default","ast-page-background-enabled":"default","ast-page-background-meta":{"desktop":{"background-color":"var(--ast-global-color-5)","background-image":"","background-repeat":"repeat","background-position":"center center","background-size":"auto","background-attachment":"scroll","background-type":"","background-media":"","overlay-type":"","overlay-color":"","overlay-opacity":"","overlay-gradient":""},"tablet":{"background-color":"","background-image":"","background-repeat":"repeat","background-position":"center center","background-size":"auto","background-attachment":"scroll","background-type":"","background-media":"","overlay-type":"","overlay-color":"","overlay-opacity":"","overlay-gradient":""},"mobile":{"background-color":"","background-image":"","background-repeat":"repeat","background-position":"center center","background-size":"auto","background-attachment":"scroll","background-type":"","background-media":"","overlay-type":"","overlay-color":"","overlay-opacity":"","overlay-gradient":""}},"ast-content-background-meta":{"desktop":{"background-color":"var(--ast-global-color-4)","background-image":"","background-repeat":"repeat","background-position":"center center","background-size":"auto","background-attachment":"scroll","background-type":"","background-media":"","overlay-type":"","overlay-color":"","overlay-opacity":"","overlay-gradient":""},"tablet":{"background-color":"var(--ast-global-color-4)","background-image":"","background-repeat":"repeat","background-position":"center center","background-size":"auto","background-attachment":"scroll","background-type":"","background-media":"","overlay-type":"","overlay-color":"","overlay-opacity":"","overlay-gradient":""},"mobile":{"background-color":"var(--ast-global-color-4)","background-image":"","background-repeat":"repeat","background-position":"center center","background-size":"auto","background-attachment":"scroll","background-type":"","background-media":"","overlay-type":"","overlay-color":"","overlay-opacity":"","overlay-gradient":""}},"footnotes":""},"class_list":["post-111","page","type-page","status-publish","hentry"],"_links":{"self":[{"href":"https:\/\/akcjaantydyskryminacja.pl\/index.php?rest_route=\/wp\/v2\/pages\/111","targetHints":{"allow":["GET"]}}],"collection":[{"href":"https:\/\/akcjaantydyskryminacja.pl\/index.php?rest_route=\/wp\/v2\/pages"}],"about":[{"href":"https:\/\/akcjaantydyskryminacja.pl\/index.php?rest_route=\/wp\/v2\/types\/page"}],"author":[{"embeddable":true,"href":"https:\/\/akcjaantydyskryminacja.pl\/index.php?rest_route=\/wp\/v2\/users\/1"}],"replies":[{"embeddable":true,"href":"https:\/\/akcjaantydyskryminacja.pl\/index.php?rest_route=%2Fwp%2Fv2%2Fcomments&post=111"}],"version-history":[{"count":32,"href":"https:\/\/akcjaantydyskryminacja.pl\/index.php?rest_route=\/wp\/v2\/pages\/111\/revisions"}],"predecessor-version":[{"id":260,"href":"https:\/\/akcjaantydyskryminacja.pl\/index.php?rest_route=\/wp\/v2\/pages\/111\/revisions\/260"}],"wp:attachment":[{"href":"https:\/\/akcjaantydyskryminacja.pl\/index.php?rest_route=%2Fwp%2Fv2%2Fmedia&parent=111"}],"curies":[{"name":"wp","href":"https:\/\/api.w.org\/{rel}","templated":true}]}}