{"id":121,"date":"2025-07-03T13:59:09","date_gmt":"2025-07-03T13:59:09","guid":{"rendered":"http:\/\/akcjaantydyskryminacja.pl\/?page_id=121"},"modified":"2025-07-24T12:53:52","modified_gmt":"2025-07-24T12:53:52","slug":"dokumenty","status":"publish","type":"page","link":"https:\/\/akcjaantydyskryminacja.pl\/?page_id=121","title":{"rendered":"Dokumenty"},"content":{"rendered":"\n<div class=\"wp-block-cover alignfull is-light has-custom-content-position is-position-center-left wp-duotone-unset-1\"><img loading=\"lazy\" decoding=\"async\" width=\"1024\" height=\"1024\" class=\"wp-block-cover__image-background wp-image-55 size-large\" alt=\"\" src=\"https:\/\/akcjaantydyskryminacja.pl\/wp-content\/uploads\/2025\/07\/5bba98e7-e708-47f6-81c0-3c1e8a35eed9-1024x1024.jpg\" data-object-fit=\"cover\" srcset=\"https:\/\/akcjaantydyskryminacja.pl\/wp-content\/uploads\/2025\/07\/5bba98e7-e708-47f6-81c0-3c1e8a35eed9-1024x1024.jpg 1024w, https:\/\/akcjaantydyskryminacja.pl\/wp-content\/uploads\/2025\/07\/5bba98e7-e708-47f6-81c0-3c1e8a35eed9-300x300.jpg 300w, https:\/\/akcjaantydyskryminacja.pl\/wp-content\/uploads\/2025\/07\/5bba98e7-e708-47f6-81c0-3c1e8a35eed9-150x150.jpg 150w, https:\/\/akcjaantydyskryminacja.pl\/wp-content\/uploads\/2025\/07\/5bba98e7-e708-47f6-81c0-3c1e8a35eed9-768x768.jpg 768w, https:\/\/akcjaantydyskryminacja.pl\/wp-content\/uploads\/2025\/07\/5bba98e7-e708-47f6-81c0-3c1e8a35eed9-1536x1536.jpg 1536w, https:\/\/akcjaantydyskryminacja.pl\/wp-content\/uploads\/2025\/07\/5bba98e7-e708-47f6-81c0-3c1e8a35eed9-2048x2048.jpg 2048w\" sizes=\"auto, (max-width: 1024px) 100vw, 1024px\" \/><span aria-hidden=\"true\" class=\"wp-block-cover__background has-background-dim\" style=\"background-color:#dad6d5\"><\/span><div class=\"wp-block-cover__inner-container is-layout-constrained wp-block-cover-is-layout-constrained\">\n<h1 class=\"wp-block-heading has-text-align-center has-ast-global-color-0-color has-text-color has-background has-link-color wp-elements-3bb0f24d3540db2aaf397347ab65ce97\" style=\"background-color:#e0e4fa;font-size:52px\"><strong>Akcja ANTYDyskryminacja<\/strong><\/h1>\n<\/div><\/div>\n\n\n\n<div style=\"height:20px\" aria-hidden=\"true\" class=\"wp-block-spacer\"><\/div>\n\n\n\n<figure class=\"wp-block-image aligncenter size-large\"><img loading=\"lazy\" decoding=\"async\" width=\"1024\" height=\"103\" src=\"https:\/\/akcjaantydyskryminacja.pl\/wp-content\/uploads\/2025\/07\/FERPUELODZKIE-1024x103.png\" alt=\"\" class=\"wp-image-33\" srcset=\"https:\/\/akcjaantydyskryminacja.pl\/wp-content\/uploads\/2025\/07\/FERPUELODZKIE-1024x103.png 1024w, https:\/\/akcjaantydyskryminacja.pl\/wp-content\/uploads\/2025\/07\/FERPUELODZKIE-300x30.png 300w, https:\/\/akcjaantydyskryminacja.pl\/wp-content\/uploads\/2025\/07\/FERPUELODZKIE-768x77.png 768w, https:\/\/akcjaantydyskryminacja.pl\/wp-content\/uploads\/2025\/07\/FERPUELODZKIE-1536x155.png 1536w, https:\/\/akcjaantydyskryminacja.pl\/wp-content\/uploads\/2025\/07\/FERPUELODZKIE-2048x206.png 2048w\" sizes=\"auto, (max-width: 1024px) 100vw, 1024px\" \/><\/figure>\n\n\n\n<div style=\"height:20px\" aria-hidden=\"true\" class=\"wp-block-spacer\"><\/div>\n\n\n\n<h2 class=\"wp-block-heading alignwide\">Dokumenty rekrutacyjne<\/h2>\n\n\n\n<div class=\"wp-block-group alignfull has-ast-global-color-0-color has-ast-global-color-4-background-color has-text-color has-background has-link-color wp-elements-7f1bbea3e5c09c3122cff00c7fe2b5a8 is-layout-constrained wp-container-core-group-is-layout-f1ba3e7e wp-block-group-is-layout-constrained\" id=\"reviews\">\n<p class=\"has-text-align-left\" style=\"font-size:22px;line-height:1.6\"><strong>W trzech wersjach j\u0119zykowych &#8211; po polsku, po ukrai\u0144sku i po angielsku:<\/strong><\/p>\n\n\n\n<p><strong>Regulamin realizacji projektu &#8222;Akcja ANTYDyskryminacja&#8221;<\/strong> (PDF) [<a href=\"https:\/\/akcjaantydyskryminacja.pl\/wp-content\/uploads\/2025\/07\/0_REG_Akcja.pdf\">POL<\/a>] [<a href=\"https:\/\/akcjaantydyskryminacja.pl\/wp-content\/uploads\/2025\/07\/0_REG_Akcja-uk.pdf\">UKR]<\/a> [<a href=\"https:\/\/akcjaantydyskryminacja.pl\/wp-content\/uploads\/2025\/07\/0_REG_Akcja-en-GB.pdf\">ENG<\/a>]<\/p>\n\n\n\n<ol class=\"wp-block-list\">\n<li>Formularz rekrutacyjny (PDF) [<a href=\"https:\/\/akcjaantydyskryminacja.pl\/wp-content\/uploads\/2025\/07\/1_FORM_Akcja.pdf\">POL<\/a>] [<a href=\"https:\/\/akcjaantydyskryminacja.pl\/wp-content\/uploads\/2025\/07\/1_FORM_Akcja-uk.pdf\">UKR<\/a>] [<a href=\"https:\/\/akcjaantydyskryminacja.pl\/wp-content\/uploads\/2025\/07\/1_FORM_Akcja-en-GB.pdf\">ENG<\/a>]<\/li>\n\n\n\n<li>O\u015bwiadczenie o do\u015bwiadczaniu dyskryminacji (PDF) [<a href=\"https:\/\/akcjaantydyskryminacja.pl\/wp-content\/uploads\/2025\/07\/2_OSW_Akcja.pdf\">POL<\/a>] [<a href=\"https:\/\/akcjaantydyskryminacja.pl\/wp-content\/uploads\/2025\/07\/2_OSW_Akcja-uk.pdf\">UKR<\/a>] [<a href=\"https:\/\/akcjaantydyskryminacja.pl\/wp-content\/uploads\/2025\/07\/2_OSW_Akcja-en-GB.pdf\">ENG<\/a>]<\/li>\n\n\n\n<li>Formularz wst\u0119pnej diagnozy kieruj\u0105cej do specjalisty (PDF) [<a href=\"https:\/\/akcjaantydyskryminacja.pl\/wp-content\/uploads\/2025\/07\/3_DIAG_Akcja.pdf\">POL<\/a>] [<a href=\"https:\/\/akcjaantydyskryminacja.pl\/wp-content\/uploads\/2025\/07\/3_DIAG_Akcja-uk.pdf\">UKR<\/a>] [<a href=\"https:\/\/akcjaantydyskryminacja.pl\/wp-content\/uploads\/2025\/07\/3_DIAG_Akcja-en-GB.pdf\">ENG<\/a>]<\/li>\n\n\n\n<li>Za\u015bwiadczenie pracodawcy potwierdzaj\u0105ce zatrudnienie pracownika (PDF) [<a href=\"https:\/\/akcjaantydyskryminacja.pl\/wp-content\/uploads\/2025\/07\/4_ZASW_Akcja.pdf\">POL<\/a>] [UKR] [ENG]<\/li>\n\n\n\n<li>Za\u015bwiadczenie o statusie ucznia\/uczennicy (PDF) [<a href=\"https:\/\/akcjaantydyskryminacja.pl\/wp-content\/uploads\/2025\/07\/5_ZASW_SZKOLA_Akcja.pdf\">POL<\/a>] [UKR] [ENG]<\/li>\n<\/ol>\n<\/div>\n\n\n\n<div class=\"wp-block-group alignfull has-background is-layout-constrained wp-container-core-group-is-layout-c6151af2 wp-block-group-is-layout-constrained\" id=\"contact\" style=\"background-color:#dde1f7;padding-top:104px;padding-bottom:104px\">\n<div class=\"wp-block-group is-nowrap is-layout-flex wp-container-core-group-is-layout-6c531013 wp-block-group-is-layout-flex\">\n<p class=\"has-text-align-left has-ast-global-color-0-color has-text-color\"><strong>Projekt <strong>Akcja ANTYDyskryminacja<\/strong><\/strong> <strong>zosta\u0142 dofinansowany w ramach programu Fundusze Europejskie dla \u0141\u00f3dzkiego 2021\u20132027, Priorytet 7 \u2013 Fundusze europejskie dla zatrudnienia i integracji w \u0141\u00f3dzkiem, Dzia\u0142anie FELD.07.05 \u2013 Integracja i spo\u0142ecze\u0144stwo obywatelskie, w ramach naboru FELD.07.05-IP.01-003\/24. Umowa o dofinansowanie projektu zosta\u0142a zawarta z Wojew\u00f3dzkim Urz\u0119dem Pracy w \u0141odzi.<\/strong><\/p>\n<\/div>\n<\/div>\n\n\n\n<p><\/p>\n","protected":false},"excerpt":{"rendered":"<p>Dokumenty rekrutacyjne W trzech wersjach j\u0119zykowych &#8211; po polsku, po ukrai\u0144sku i po angielsku: Regulamin realizacji projektu &#8222;Akcja ANTYDyskryminacja&#8221; (PDF) [POL] [UKR] [ENG] Projekt Akcja ANTYDyskryminacja zosta\u0142 dofinansowany w ramach programu Fundusze Europejskie dla \u0141\u00f3dzkiego 2021\u20132027, Priorytet 7 \u2013 Fundusze europejskie dla zatrudnienia i integracji w \u0141\u00f3dzkiem, Dzia\u0142anie FELD.07.05 \u2013 Integracja i spo\u0142ecze\u0144stwo obywatelskie, w [&hellip;]<\/p>\n","protected":false},"author":1,"featured_media":0,"parent":0,"menu_order":0,"comment_status":"closed","ping_status":"closed","template":"","meta":{"site-sidebar-layout":"default","site-content-layout":"","ast-site-content-layout":"default","site-content-style":"default","site-sidebar-style":"default","ast-global-header-display":"","ast-banner-title-visibility":"","ast-main-header-display":"","ast-hfb-above-header-display":"","ast-hfb-below-header-display":"","ast-hfb-mobile-header-display":"","site-post-title":"disabled","ast-breadcrumbs-content":"","ast-featured-img":"","footer-sml-layout":"","theme-transparent-header-meta":"","adv-header-id-meta":"","stick-header-meta":"","header-above-stick-meta":"","header-main-stick-meta":"","header-below-stick-meta":"","astra-migrate-meta-layouts":"default","ast-page-background-enabled":"default","ast-page-background-meta":{"desktop":{"background-color":"var(--ast-global-color-5)","background-image":"","background-repeat":"repeat","background-position":"center center","background-size":"auto","background-attachment":"scroll","background-type":"","background-media":"","overlay-type":"","overlay-color":"","overlay-opacity":"","overlay-gradient":""},"tablet":{"background-color":"","background-image":"","background-repeat":"repeat","background-position":"center center","background-size":"auto","background-attachment":"scroll","background-type":"","background-media":"","overlay-type":"","overlay-color":"","overlay-opacity":"","overlay-gradient":""},"mobile":{"background-color":"","background-image":"","background-repeat":"repeat","background-position":"center center","background-size":"auto","background-attachment":"scroll","background-type":"","background-media":"","overlay-type":"","overlay-color":"","overlay-opacity":"","overlay-gradient":""}},"ast-content-background-meta":{"desktop":{"background-color":"var(--ast-global-color-4)","background-image":"","background-repeat":"repeat","background-position":"center center","background-size":"auto","background-attachment":"scroll","background-type":"","background-media":"","overlay-type":"","overlay-color":"","overlay-opacity":"","overlay-gradient":""},"tablet":{"background-color":"var(--ast-global-color-4)","background-image":"","background-repeat":"repeat","background-position":"center center","background-size":"auto","background-attachment":"scroll","background-type":"","background-media":"","overlay-type":"","overlay-color":"","overlay-opacity":"","overlay-gradient":""},"mobile":{"background-color":"var(--ast-global-color-4)","background-image":"","background-repeat":"repeat","background-position":"center center","background-size":"auto","background-attachment":"scroll","background-type":"","background-media":"","overlay-type":"","overlay-color":"","overlay-opacity":"","overlay-gradient":""}},"footnotes":""},"class_list":["post-121","page","type-page","status-publish","hentry"],"_links":{"self":[{"href":"https:\/\/akcjaantydyskryminacja.pl\/index.php?rest_route=\/wp\/v2\/pages\/121","targetHints":{"allow":["GET"]}}],"collection":[{"href":"https:\/\/akcjaantydyskryminacja.pl\/index.php?rest_route=\/wp\/v2\/pages"}],"about":[{"href":"https:\/\/akcjaantydyskryminacja.pl\/index.php?rest_route=\/wp\/v2\/types\/page"}],"author":[{"embeddable":true,"href":"https:\/\/akcjaantydyskryminacja.pl\/index.php?rest_route=\/wp\/v2\/users\/1"}],"replies":[{"embeddable":true,"href":"https:\/\/akcjaantydyskryminacja.pl\/index.php?rest_route=%2Fwp%2Fv2%2Fcomments&post=121"}],"version-history":[{"count":16,"href":"https:\/\/akcjaantydyskryminacja.pl\/index.php?rest_route=\/wp\/v2\/pages\/121\/revisions"}],"predecessor-version":[{"id":285,"href":"https:\/\/akcjaantydyskryminacja.pl\/index.php?rest_route=\/wp\/v2\/pages\/121\/revisions\/285"}],"wp:attachment":[{"href":"https:\/\/akcjaantydyskryminacja.pl\/index.php?rest_route=%2Fwp%2Fv2%2Fmedia&parent=121"}],"curies":[{"name":"wp","href":"https:\/\/api.w.org\/{rel}","templated":true}]}}