{"id":123,"date":"2025-07-03T13:59:20","date_gmt":"2025-07-03T13:59:20","guid":{"rendered":"http:\/\/akcjaantydyskryminacja.pl\/?page_id=123"},"modified":"2025-07-07T07:45:03","modified_gmt":"2025-07-07T07:45:03","slug":"kontakt","status":"publish","type":"page","link":"https:\/\/akcjaantydyskryminacja.pl\/?page_id=123","title":{"rendered":"Kontakt"},"content":{"rendered":"\n<div class=\"wp-block-cover alignfull is-light has-custom-content-position is-position-center-left wp-duotone-unset-1\"><img loading=\"lazy\" decoding=\"async\" width=\"1024\" height=\"1024\" class=\"wp-block-cover__image-background wp-image-55 size-large\" alt=\"\" src=\"https:\/\/akcjaantydyskryminacja.pl\/wp-content\/uploads\/2025\/07\/5bba98e7-e708-47f6-81c0-3c1e8a35eed9-1024x1024.jpg\" data-object-fit=\"cover\" srcset=\"https:\/\/akcjaantydyskryminacja.pl\/wp-content\/uploads\/2025\/07\/5bba98e7-e708-47f6-81c0-3c1e8a35eed9-1024x1024.jpg 1024w, https:\/\/akcjaantydyskryminacja.pl\/wp-content\/uploads\/2025\/07\/5bba98e7-e708-47f6-81c0-3c1e8a35eed9-300x300.jpg 300w, https:\/\/akcjaantydyskryminacja.pl\/wp-content\/uploads\/2025\/07\/5bba98e7-e708-47f6-81c0-3c1e8a35eed9-150x150.jpg 150w, https:\/\/akcjaantydyskryminacja.pl\/wp-content\/uploads\/2025\/07\/5bba98e7-e708-47f6-81c0-3c1e8a35eed9-768x768.jpg 768w, https:\/\/akcjaantydyskryminacja.pl\/wp-content\/uploads\/2025\/07\/5bba98e7-e708-47f6-81c0-3c1e8a35eed9-1536x1536.jpg 1536w, https:\/\/akcjaantydyskryminacja.pl\/wp-content\/uploads\/2025\/07\/5bba98e7-e708-47f6-81c0-3c1e8a35eed9-2048x2048.jpg 2048w\" sizes=\"auto, (max-width: 1024px) 100vw, 1024px\" \/><span aria-hidden=\"true\" class=\"wp-block-cover__background has-background-dim\" style=\"background-color:#dad6d5\"><\/span><div class=\"wp-block-cover__inner-container is-layout-constrained wp-block-cover-is-layout-constrained\">\n<h1 class=\"wp-block-heading has-text-align-center has-ast-global-color-0-color has-text-color has-background has-link-color wp-elements-3bb0f24d3540db2aaf397347ab65ce97\" style=\"background-color:#e0e4fa;font-size:52px\"><strong>Akcja ANTYDyskryminacja<\/strong><\/h1>\n<\/div><\/div>\n\n\n\n<div style=\"height:20px\" aria-hidden=\"true\" class=\"wp-block-spacer\"><\/div>\n\n\n\n<figure class=\"wp-block-image aligncenter size-large\"><img loading=\"lazy\" decoding=\"async\" width=\"1024\" height=\"103\" src=\"https:\/\/akcjaantydyskryminacja.pl\/wp-content\/uploads\/2025\/07\/FERPUELODZKIE-1024x103.png\" alt=\"\" class=\"wp-image-33\" srcset=\"https:\/\/akcjaantydyskryminacja.pl\/wp-content\/uploads\/2025\/07\/FERPUELODZKIE-1024x103.png 1024w, https:\/\/akcjaantydyskryminacja.pl\/wp-content\/uploads\/2025\/07\/FERPUELODZKIE-300x30.png 300w, https:\/\/akcjaantydyskryminacja.pl\/wp-content\/uploads\/2025\/07\/FERPUELODZKIE-768x77.png 768w, https:\/\/akcjaantydyskryminacja.pl\/wp-content\/uploads\/2025\/07\/FERPUELODZKIE-1536x155.png 1536w, https:\/\/akcjaantydyskryminacja.pl\/wp-content\/uploads\/2025\/07\/FERPUELODZKIE-2048x206.png 2048w\" sizes=\"auto, (max-width: 1024px) 100vw, 1024px\" \/><\/figure>\n\n\n\n<div style=\"height:20px\" aria-hidden=\"true\" class=\"wp-block-spacer\"><\/div>\n\n\n\n<h2 class=\"wp-block-heading alignwide\">Biuro projektu<\/h2>\n\n\n\n<div class=\"wp-block-group alignfull has-ast-global-color-0-color has-ast-global-color-4-background-color has-text-color has-background has-link-color wp-elements-98bd0aed9a3164761d9379f74eacfee3 is-layout-constrained wp-container-core-group-is-layout-8afb3cbd wp-block-group-is-layout-constrained\" id=\"reviews\">\n<div class=\"wp-block-group is-nowrap is-layout-flex wp-container-core-group-is-layout-6c531013 wp-block-group-is-layout-flex\">\n<figure class=\"wp-block-image size-full is-resized is-style-default wp-duotone-unset-2\"><img loading=\"lazy\" decoding=\"async\" width=\"512\" height=\"512\" src=\"https:\/\/akcjaantydyskryminacja.pl\/wp-content\/uploads\/2025\/07\/email_12615294.png\" alt=\"\" class=\"wp-image-182\" style=\"width:75px\" srcset=\"https:\/\/akcjaantydyskryminacja.pl\/wp-content\/uploads\/2025\/07\/email_12615294.png 512w, https:\/\/akcjaantydyskryminacja.pl\/wp-content\/uploads\/2025\/07\/email_12615294-300x300.png 300w, https:\/\/akcjaantydyskryminacja.pl\/wp-content\/uploads\/2025\/07\/email_12615294-150x150.png 150w\" sizes=\"auto, (max-width: 512px) 100vw, 512px\" \/><\/figure>\n\n\n\n<p style=\"font-size:22px\"><strong>Projekt<\/strong> <strong>Akcja ANTYDyskryminacja<\/strong><br>ul. Narutowicza 51\/1, 90-130 \u0141\u00f3d\u017a<br>tel. 737 470 413<br>e-mail: projektycentrum@gmail.com<br>Biuro czynne od poniedzia\u0142ku do pi\u0105tku w godzinach 8:00-12:00<\/p>\n<\/div>\n\n\n\n<div class=\"wp-block-group is-nowrap is-layout-flex wp-container-core-group-is-layout-6c531013 wp-block-group-is-layout-flex\">\n<figure class=\"wp-block-image size-full is-resized\"><img loading=\"lazy\" decoding=\"async\" width=\"512\" height=\"512\" src=\"https:\/\/akcjaantydyskryminacja.pl\/wp-content\/uploads\/2025\/07\/files-folders_983256.png\" alt=\"\" class=\"wp-image-184\" style=\"width:70px\" srcset=\"https:\/\/akcjaantydyskryminacja.pl\/wp-content\/uploads\/2025\/07\/files-folders_983256.png 512w, https:\/\/akcjaantydyskryminacja.pl\/wp-content\/uploads\/2025\/07\/files-folders_983256-300x300.png 300w, https:\/\/akcjaantydyskryminacja.pl\/wp-content\/uploads\/2025\/07\/files-folders_983256-150x150.png 150w\" sizes=\"auto, (max-width: 512px) 100vw, 512px\" \/><\/figure>\n\n\n\n<p style=\"font-size:22px\"><strong>Partner Wiod\u0105cy<\/strong><br>SYLWIA SITKOWSKA PsychoLogika<br>ul. Spadowa 7, 04-669 Warszawa<\/p>\n<\/div>\n\n\n\n<div class=\"wp-block-group is-nowrap is-layout-flex wp-container-core-group-is-layout-6c531013 wp-block-group-is-layout-flex\">\n<figure class=\"wp-block-image size-full is-resized\"><img loading=\"lazy\" decoding=\"async\" width=\"512\" height=\"512\" src=\"https:\/\/akcjaantydyskryminacja.pl\/wp-content\/uploads\/2025\/07\/files-folders_983256.png\" alt=\"\" class=\"wp-image-184\" style=\"width:70px\" srcset=\"https:\/\/akcjaantydyskryminacja.pl\/wp-content\/uploads\/2025\/07\/files-folders_983256.png 512w, https:\/\/akcjaantydyskryminacja.pl\/wp-content\/uploads\/2025\/07\/files-folders_983256-300x300.png 300w, https:\/\/akcjaantydyskryminacja.pl\/wp-content\/uploads\/2025\/07\/files-folders_983256-150x150.png 150w\" sizes=\"auto, (max-width: 512px) 100vw, 512px\" \/><\/figure>\n\n\n\n<p style=\"font-size:22px\"><strong>Partner<\/strong><br>Instytut Nauk Spo\u0142eczno-Ekonomicznych Sp. z o.o.-Sp.k.<br>ul. Piotrkowska 66, 90-105 \u0141\u00f3d\u017a<br><a href=\"https:\/\/instytut.inse.pl\/\">www.instytut.inse.pl<\/a><\/p>\n<\/div>\n<\/div>\n\n\n\n<div class=\"wp-block-group alignfull has-ast-global-color-0-color has-text-color has-background has-link-color wp-elements-dad3f11f5d476c4f185fcbc5398106f8 is-layout-constrained wp-container-core-group-is-layout-cfcca693 wp-block-group-is-layout-constrained\" id=\"contact\" style=\"background-color:#dde1f7;padding-top:104px;padding-bottom:104px\">\n<h2 class=\"wp-block-heading has-text-align-center has-ast-global-color-0-color has-text-color\">We\u017a udzia\u0142 <br>w projekcie!<\/h2>\n\n\n\n<div class=\"wp-block-buttons alignwide is-horizontal is-content-justification-center is-layout-flex wp-container-core-buttons-is-layout-bba8380a wp-block-buttons-is-layout-flex\" style=\"margin-top:50px\">\n<div class=\"wp-block-button\"><a class=\"wp-block-button__link wp-element-button\" href=\"https:\/\/akcjaantydyskryminacja.pl\/?page_id=111\">Rekrutacja<\/a><\/div>\n<\/div>\n<\/div>\n\n\n\n<p><\/p>\n","protected":false},"excerpt":{"rendered":"<p>Biuro projektu Projekt Akcja ANTYDyskryminacjaul. Narutowicza 51\/1, 90-130 \u0141\u00f3d\u017atel. 737 470 413e-mail: projektycentrum@gmail.comBiuro czynne od poniedzia\u0142ku do pi\u0105tku w godzinach 8:00-12:00 Partner Wiod\u0105cySYLWIA SITKOWSKA PsychoLogikaul. Spadowa 7, 04-669 Warszawa PartnerInstytut Nauk Spo\u0142eczno-Ekonomicznych Sp. z o.o.-Sp.k.ul. Piotrkowska 66, 90-105 \u0141\u00f3d\u017awww.instytut.inse.pl We\u017a udzia\u0142 w projekcie!<\/p>\n","protected":false},"author":1,"featured_media":0,"parent":0,"menu_order":0,"comment_status":"closed","ping_status":"closed","template":"","meta":{"site-sidebar-layout":"default","site-content-layout":"","ast-site-content-layout":"default","site-content-style":"default","site-sidebar-style":"default","ast-global-header-display":"","ast-banner-title-visibility":"","ast-main-header-display":"","ast-hfb-above-header-display":"","ast-hfb-below-header-display":"","ast-hfb-mobile-header-display":"","site-post-title":"disabled","ast-breadcrumbs-content":"","ast-featured-img":"","footer-sml-layout":"","theme-transparent-header-meta":"","adv-header-id-meta":"","stick-header-meta":"","header-above-stick-meta":"","header-main-stick-meta":"","header-below-stick-meta":"","astra-migrate-meta-layouts":"default","ast-page-background-enabled":"default","ast-page-background-meta":{"desktop":{"background-color":"var(--ast-global-color-5)","background-image":"","background-repeat":"repeat","background-position":"center center","background-size":"auto","background-attachment":"scroll","background-type":"","background-media":"","overlay-type":"","overlay-color":"","overlay-opacity":"","overlay-gradient":""},"tablet":{"background-color":"","background-image":"","background-repeat":"repeat","background-position":"center center","background-size":"auto","background-attachment":"scroll","background-type":"","background-media":"","overlay-type":"","overlay-color":"","overlay-opacity":"","overlay-gradient":""},"mobile":{"background-color":"","background-image":"","background-repeat":"repeat","background-position":"center center","background-size":"auto","background-attachment":"scroll","background-type":"","background-media":"","overlay-type":"","overlay-color":"","overlay-opacity":"","overlay-gradient":""}},"ast-content-background-meta":{"desktop":{"background-color":"var(--ast-global-color-4)","background-image":"","background-repeat":"repeat","background-position":"center center","background-size":"auto","background-attachment":"scroll","background-type":"","background-media":"","overlay-type":"","overlay-color":"","overlay-opacity":"","overlay-gradient":""},"tablet":{"background-color":"var(--ast-global-color-4)","background-image":"","background-repeat":"repeat","background-position":"center center","background-size":"auto","background-attachment":"scroll","background-type":"","background-media":"","overlay-type":"","overlay-color":"","overlay-opacity":"","overlay-gradient":""},"mobile":{"background-color":"var(--ast-global-color-4)","background-image":"","background-repeat":"repeat","background-position":"center center","background-size":"auto","background-attachment":"scroll","background-type":"","background-media":"","overlay-type":"","overlay-color":"","overlay-opacity":"","overlay-gradient":""}},"footnotes":""},"class_list":["post-123","page","type-page","status-publish","hentry"],"_links":{"self":[{"href":"https:\/\/akcjaantydyskryminacja.pl\/index.php?rest_route=\/wp\/v2\/pages\/123","targetHints":{"allow":["GET"]}}],"collection":[{"href":"https:\/\/akcjaantydyskryminacja.pl\/index.php?rest_route=\/wp\/v2\/pages"}],"about":[{"href":"https:\/\/akcjaantydyskryminacja.pl\/index.php?rest_route=\/wp\/v2\/types\/page"}],"author":[{"embeddable":true,"href":"https:\/\/akcjaantydyskryminacja.pl\/index.php?rest_route=\/wp\/v2\/users\/1"}],"replies":[{"embeddable":true,"href":"https:\/\/akcjaantydyskryminacja.pl\/index.php?rest_route=%2Fwp%2Fv2%2Fcomments&post=123"}],"version-history":[{"count":19,"href":"https:\/\/akcjaantydyskryminacja.pl\/index.php?rest_route=\/wp\/v2\/pages\/123\/revisions"}],"predecessor-version":[{"id":210,"href":"https:\/\/akcjaantydyskryminacja.pl\/index.php?rest_route=\/wp\/v2\/pages\/123\/revisions\/210"}],"wp:attachment":[{"href":"https:\/\/akcjaantydyskryminacja.pl\/index.php?rest_route=%2Fwp%2Fv2%2Fmedia&parent=123"}],"curies":[{"name":"wp","href":"https:\/\/api.w.org\/{rel}","templated":true}]}}