{"id":9,"date":"2025-07-03T09:37:03","date_gmt":"2025-07-03T09:37:03","guid":{"rendered":"http:\/\/akcjaantydyskryminacja.pl\/?page_id=9"},"modified":"2025-07-24T09:56:28","modified_gmt":"2025-07-24T09:56:28","slug":"strona-domowa","status":"publish","type":"page","link":"https:\/\/akcjaantydyskryminacja.pl\/","title":{"rendered":"Strona domowa"},"content":{"rendered":"\n<div class=\"wp-block-cover alignfull\" style=\"min-height:720px;aspect-ratio:unset;\"><span aria-hidden=\"true\" class=\"wp-block-cover__background has-ast-global-color-5-background-color has-background-dim-100 has-background-dim\"><\/span><div class=\"wp-block-cover__inner-container is-layout-flow wp-block-cover-is-layout-flow\">\n<div class=\"inherit-container-width wp-block-group alignwide is-layout-constrained wp-block-group-is-layout-constrained\">\n<div class=\"wp-block-media-text alignwide has-media-on-the-right is-stacked-on-mobile is-vertically-aligned-center has-background\" style=\"background-color:#e0e4fa;grid-template-columns:auto 43%\"><div class=\"wp-block-media-text__content\">\n<h1 class=\"wp-block-heading has-text-align-left has-ast-global-color-0-color has-text-color\">Akcja ANTYDyskryminacja<\/h1>\n\n\n\n<p class=\"has-white-color has-text-color has-ast-global-color-0-color has-link-color wp-elements-205e8d038f1c9672c3e31c090e481c4a\">Zapraszamy do udzia\u0142u w projekcie!<\/p>\n\n\n\n<div class=\"wp-block-buttons is-layout-flex wp-block-buttons-is-layout-flex\">\n<div class=\"wp-block-button\"><a class=\"wp-block-button__link wp-element-button\" href=\"https:\/\/akcjaantydyskryminacja.pl\/?page_id=75\">Wi\u0119cej informacji<\/a><\/div>\n<\/div>\n<\/div><figure class=\"wp-block-media-text__media\"><img loading=\"lazy\" decoding=\"async\" width=\"2560\" height=\"2560\" src=\"https:\/\/akcjaantydyskryminacja.pl\/wp-content\/uploads\/2025\/07\/5bba98e7-e708-47f6-81c0-3c1e8a35eed9w-1-scaled.jpg\" alt=\"\" class=\"wp-image-154 size-full\" srcset=\"https:\/\/akcjaantydyskryminacja.pl\/wp-content\/uploads\/2025\/07\/5bba98e7-e708-47f6-81c0-3c1e8a35eed9w-1-scaled.jpg 2560w, https:\/\/akcjaantydyskryminacja.pl\/wp-content\/uploads\/2025\/07\/5bba98e7-e708-47f6-81c0-3c1e8a35eed9w-1-300x300.jpg 300w\" sizes=\"auto, (max-width: 2560px) 100vw, 2560px\" \/><\/figure><\/div>\n<\/div>\n<\/div><\/div>\n\n\n\n<figure class=\"wp-block-image aligncenter size-large\"><img loading=\"lazy\" decoding=\"async\" width=\"1024\" height=\"103\" src=\"https:\/\/akcjaantydyskryminacja.pl\/wp-content\/uploads\/2025\/07\/FERPUELODZKIE-1024x103.png\" alt=\"\" class=\"wp-image-33\" srcset=\"https:\/\/akcjaantydyskryminacja.pl\/wp-content\/uploads\/2025\/07\/FERPUELODZKIE-1024x103.png 1024w, https:\/\/akcjaantydyskryminacja.pl\/wp-content\/uploads\/2025\/07\/FERPUELODZKIE-300x30.png 300w, https:\/\/akcjaantydyskryminacja.pl\/wp-content\/uploads\/2025\/07\/FERPUELODZKIE-768x77.png 768w, https:\/\/akcjaantydyskryminacja.pl\/wp-content\/uploads\/2025\/07\/FERPUELODZKIE-1536x155.png 1536w, https:\/\/akcjaantydyskryminacja.pl\/wp-content\/uploads\/2025\/07\/FERPUELODZKIE-2048x206.png 2048w\" sizes=\"auto, (max-width: 1024px) 100vw, 1024px\" \/><\/figure>\n\n\n\n<div class=\"wp-block-group alignfull has-ast-global-color-4-background-color has-background is-layout-constrained wp-container-core-group-is-layout-8afb3cbd wp-block-group-is-layout-constrained\" id=\"reviews\">\n<p class=\"has-text-align-left has-ast-global-color-8-color has-text-color has-link-color wp-elements-c8698810d61c95cef9771b7f4b9c5433\" style=\"font-size:22px;line-height:1.6\">Celem projektu <strong>Akcja ANTYDyskryminacja<\/strong> jest wsparcie aktywnego w\u0142\u0105czenia spo\u0142ecznego w celu promowania r\u00f3wno\u015bci szans, niedyskryminacji i aktywnego uczestnictwa, oraz zwi\u0119kszenie zdolno\u015bci do zatrudnienia u min. 204 (113 kobiet\/91 m\u0119\u017cczyzn) os\u00f3b znajduj\u0105cych si\u0119 w niekorzystnej sytuacji (tj. os\u00f3b, wobec kt\u00f3rych stosowano mow\u0119 nienawi\u015bci, gorsze traktowanie lub przemoc ze wzgl\u0119du na przes\u0142ank\u0119 pochodzenia etnicznego (przynale\u017cno\u015bci kulturalnej\/migracji), zamieszkuj\u0105cych (zgodnie z Kodeksem Cywilnym), ucz\u0105cych si\u0119 lub pracuj\u0105cych na terenie wojew\u00f3dztwa \u0142\u00f3dzkiego, przez udzia\u0142 w warsztatach podnosz\u0105cych \u015bwiadomo\u015b\u0107 na temat przepis\u00f3w i polityk antydyskryminacyjnych i poradnictwo specjalistyczne dla os\u00f3b bezpo\u015brednio do\u015bwiadczaj\u0105cych dyskryminacji w terminie od 01.06.2025 do 31.03.2026 roku.<\/p>\n<\/div>\n\n\n\n<div class=\"wp-block-group alignfull has-ast-global-color-5-background-color has-background is-layout-constrained wp-container-core-group-is-layout-375c447b wp-block-group-is-layout-constrained\" id=\"about\" style=\"padding-top:60px;padding-bottom:60px\">\n<div class=\"wp-block-media-text has-media-on-the-right is-stacked-on-mobile is-vertically-aligned-center\"><div class=\"wp-block-media-text__content\">\n<div class=\"inherit-container-width wp-block-group is-layout-constrained wp-container-core-group-is-layout-47ce07ec wp-block-group-is-layout-constrained\" style=\"padding-right:80px\">\n<h2 class=\"wp-block-heading\" style=\"padding-right:40px\">Razem przeciwko dyskryminacji!<\/h2>\n\n\n\n<p>Je\u015bli do\u015bwiadczy\u0142e\u015b\/a\u015b dyskryminacji, wykluczenia lub przemocy ze wzgl\u0119du na swoje pochodzenie czy status migracyjny \u2013 nie jeste\u015b sam\/a. Ten projekt powsta\u0142 z my\u015bl\u0105 o Tobie.<\/p>\n\n\n\n<p>Do projektu zapraszamy cudzoziemc\u00f3w (osoby obcego pochodzenia), czyli osoby kt\u00f3re nie posiadaj\u0105 polskiego obywatelstwa, bez wzgl\u0119du na fakt posiadania lub nie obywatelstwa (obywatelstw) innych kraj\u00f3w.<\/p>\n\n\n\n<p>Oferujemy Ci realne, bezp\u0142atne wsparcie:<\/p>\n\n\n\n<ul class=\"wp-block-list\">\n<li>wyja\u015bnimy, jakie masz prawa i co mo\u017cesz zrobi\u0107, gdy kto\u015b Ci\u0119 dyskryminuje lub \u017ale traktuje,<\/li>\n\n\n\n<li>skorzystasz z indywidualnych spotka\u0144 z prawnikiem, psychologiem, psychiatr\u0105,<\/li>\n\n\n\n<li>otrzymasz wsparcie emocjonalne, kt\u00f3re pomo\u017ce Ci odzyska\u0107 pewno\u015b\u0107 siebie i spok\u00f3j,<\/li>\n\n\n\n<li>nauczysz si\u0119, jak reagowa\u0107 na przemoc s\u0142own\u0105 i jak wspiera\u0107 innych w podobnej sytuacji.<\/li>\n<\/ul>\n\n\n\n<p>Nie musisz radzi\u0107 sobie z tym sam\/a. Jeste\u015bmy po Twojej stronie. Zg\u0142o\u015b si\u0119 \u2013 razem zawalczymy o r\u00f3wno\u015b\u0107, godno\u015b\u0107 i Twoj\u0105 przysz\u0142o\u015b\u0107.<\/p>\n<\/div>\n<\/div><figure class=\"wp-block-media-text__media\"><img decoding=\"async\" src=\"https:\/\/akcjaantydyskryminacja.pl\/wp-content\/uploads\/2025\/07\/61898e93b4666b2d5aedfa70-1.jpg\" alt=\"\" class=\"wp-image-53 size-full\"\/><\/figure><\/div>\n<\/div>\n\n\n\n<div class=\"wp-block-group alignfull is-layout-constrained wp-container-core-group-is-layout-6694eb4c wp-block-group-is-layout-constrained\" id=\"services\" style=\"padding-top:60px;padding-bottom:0px\">\n<h2 class=\"wp-block-heading\">Co oferujemy<\/h2>\n\n\n\n<div class=\"wp-block-columns is-layout-flex wp-container-core-columns-is-layout-60cbf9bb wp-block-columns-is-layout-flex\" style=\"margin-top:50px\">\n<div class=\"wp-block-column is-layout-flow wp-container-core-column-is-layout-6b73ce23 wp-block-column-is-layout-flow\">\n<figure class=\"wp-block-image size-full\"><img loading=\"lazy\" decoding=\"async\" width=\"2560\" height=\"1969\" src=\"https:\/\/akcjaantydyskryminacja.pl\/wp-content\/uploads\/2025\/07\/705-scaled.jpg\" alt=\"\" class=\"wp-image-39\" srcset=\"https:\/\/akcjaantydyskryminacja.pl\/wp-content\/uploads\/2025\/07\/705-scaled.jpg 2560w, https:\/\/akcjaantydyskryminacja.pl\/wp-content\/uploads\/2025\/07\/705-300x231.jpg 300w, https:\/\/akcjaantydyskryminacja.pl\/wp-content\/uploads\/2025\/07\/705-1024x788.jpg 1024w, https:\/\/akcjaantydyskryminacja.pl\/wp-content\/uploads\/2025\/07\/705-768x591.jpg 768w, https:\/\/akcjaantydyskryminacja.pl\/wp-content\/uploads\/2025\/07\/705-1536x1182.jpg 1536w\" sizes=\"auto, (max-width: 2560px) 100vw, 2560px\" \/><\/figure>\n\n\n\n<h3 class=\"wp-block-heading\" style=\"margin-top:16px\">Warsztaty podnosz\u0105ce \u015bwiadomo\u015b\u0107 na temat przepis\u00f3w i polityk antydyskryminacyjnych<\/h3>\n\n\n\n<p>Podniesienie \u015bwiadomo\u015bci uczestnik\u00f3w projektu na temat prawnych aspekt\u00f3w ochrony przed dyskryminacj\u0105 oraz zapoznanie ich z przepisami i politykami antydyskryminacyjnymi  obowi\u0105zuj\u0105cymi w Polsce i Unii Europejskiej.<\/p>\n<\/div>\n\n\n\n<div class=\"wp-block-column is-layout-flow wp-container-core-column-is-layout-6b73ce23 wp-block-column-is-layout-flow\">\n<figure class=\"wp-block-image size-full\"><img loading=\"lazy\" decoding=\"async\" width=\"2560\" height=\"1997\" src=\"https:\/\/akcjaantydyskryminacja.pl\/wp-content\/uploads\/2025\/07\/90e5015e-69fc-46b5-8352-abaabae16003-scaled.jpg\" alt=\"\" class=\"wp-image-43\" srcset=\"https:\/\/akcjaantydyskryminacja.pl\/wp-content\/uploads\/2025\/07\/90e5015e-69fc-46b5-8352-abaabae16003-scaled.jpg 2560w, https:\/\/akcjaantydyskryminacja.pl\/wp-content\/uploads\/2025\/07\/90e5015e-69fc-46b5-8352-abaabae16003-300x234.jpg 300w, https:\/\/akcjaantydyskryminacja.pl\/wp-content\/uploads\/2025\/07\/90e5015e-69fc-46b5-8352-abaabae16003-1024x799.jpg 1024w, https:\/\/akcjaantydyskryminacja.pl\/wp-content\/uploads\/2025\/07\/90e5015e-69fc-46b5-8352-abaabae16003-768x599.jpg 768w, https:\/\/akcjaantydyskryminacja.pl\/wp-content\/uploads\/2025\/07\/90e5015e-69fc-46b5-8352-abaabae16003-1536x1198.jpg 1536w, https:\/\/akcjaantydyskryminacja.pl\/wp-content\/uploads\/2025\/07\/90e5015e-69fc-46b5-8352-abaabae16003-2048x1598.jpg 2048w\" sizes=\"auto, (max-width: 2560px) 100vw, 2560px\" \/><\/figure>\n\n\n\n<h3 class=\"wp-block-heading\" style=\"margin-top:16px\">Poradnictwo specjalistyczne dla os\u00f3b bezpo\u015brednio do\u015bwiadczaj\u0105cych dyskryminacji<\/h3>\n\n\n\n<p>Wsparcie uczestnik\u00f3w projektu w rozwi\u0105zywaniu problem\u00f3w natury prawnej, psychologicznej, psychiatrycznej spowodowanych do\u015bwiadczaniem dyskryminacji z uwagi na pochodzenie.<\/p>\n<\/div>\n<\/div>\n<\/div>\n\n\n\n<div class=\"wp-block-group alignfull is-layout-constrained wp-container-core-group-is-layout-375c447b wp-block-group-is-layout-constrained\" id=\"whyus\" style=\"padding-top:60px;padding-bottom:60px\">\n<h2 class=\"wp-block-heading\">Co zapewniamy<\/h2>\n\n\n\n<div class=\"wp-block-columns is-layout-flex wp-container-core-columns-is-layout-29aadeec wp-block-columns-is-layout-flex\" style=\"margin-top:60px\">\n<div class=\"wp-block-column is-layout-flow wp-container-core-column-is-layout-6b73ce23 wp-block-column-is-layout-flow\">\n<figure class=\"wp-block-image size-large\"><img decoding=\"async\" src=\"https:\/\/akcjaantydyskryminacja.pl\/wp-content\/themes\/astra\/inc\/assets\/images\/starter-content\/passionate.svg\" alt=\"\" class=\"wp-image-162\"\/><\/figure>\n\n\n\n<h3 class=\"wp-block-heading\" style=\"margin-top:16px\">Poufno\u015b\u0107 i bezpiecze\u0144stwo<\/h3>\n\n\n\n<p>Twoje bezpiecze\u0144stwo i prywatno\u015b\u0107 s\u0105 dla nas najwa\u017cniejsze.<br>Wszystkie informacje, kt\u00f3re nam przeka\u017cesz w trakcie udzia\u0142u w projekcie, s\u0105 traktowane poufnie i z zachowaniem pe\u0142nej dyskrecji.<\/p>\n<\/div>\n\n\n\n<div class=\"wp-block-column is-layout-flow wp-container-core-column-is-layout-6b73ce23 wp-block-column-is-layout-flow\">\n<figure class=\"wp-block-image size-large\"><img decoding=\"async\" src=\"https:\/\/akcjaantydyskryminacja.pl\/wp-content\/themes\/astra\/inc\/assets\/images\/starter-content\/professional.svg\" alt=\"\" class=\"wp-image-163\"\/><\/figure>\n\n\n\n<h3 class=\"wp-block-heading\" style=\"margin-top:16px\">Profesjonaln\u0105 kadr\u0119<\/h3>\n\n\n\n<p>Nasza kadra to do\u015bwiadczeni specjali\u015bci, kt\u00f3rym mo\u017cesz zaufa\u0107<br>Nad realizacj\u0105 projektu czuwa zesp\u00f3\u0142 do\u015bwiadczonych ekspert\u00f3w \u2013 psycholog\u00f3w, prawnik\u00f3w, psychiatr\u00f3w i trener\u00f3w z do\u015bwiadczeniem w pracy z osobami nara\u017conymi na wykluczenie i dyskryminacj\u0119.<\/p>\n<\/div>\n\n\n\n<div class=\"wp-block-column is-layout-flow wp-container-core-column-is-layout-6b73ce23 wp-block-column-is-layout-flow\">\n<figure class=\"wp-block-image size-large\"><img decoding=\"async\" src=\"https:\/\/akcjaantydyskryminacja.pl\/wp-content\/themes\/astra\/inc\/assets\/images\/starter-content\/support.svg\" alt=\"\" class=\"wp-image-164\"\/><\/figure>\n\n\n\n<h3 class=\"wp-block-heading\" style=\"margin-top:16px\">Wsparcie<\/h3>\n\n\n\n<p>Zapewniamy indywidualne podej\u015bcie i zrozumienie na ka\u017cdym etapie Twojego udzia\u0142u w projekcie.<\/p>\n<\/div>\n<\/div>\n<\/div>\n\n\n\n<div class=\"wp-block-group alignfull has-ast-global-color-4-background-color has-background is-layout-constrained wp-container-core-group-is-layout-8afb3cbd wp-block-group-is-layout-constrained\" id=\"reviews\">\n<p class=\"has-text-align-left has-ast-global-color-8-color has-text-color has-link-color wp-elements-17d132822632b2416a2008240d9bd90e\" style=\"font-size:22px;line-height:1.6\"><strong>Projekt <strong>Akcja ANTYDyskryminacja<\/strong><\/strong> <strong>zosta\u0142 dofinansowany w ramach programu Fundusze Europejskie dla \u0141\u00f3dzkiego 2021\u20132027, Priorytet 7 \u2013 Fundusze europejskie dla zatrudnienia i integracji w \u0141\u00f3dzkiem, Dzia\u0142anie FELD.07.05 \u2013 Integracja i spo\u0142ecze\u0144stwo obywatelskie, w ramach naboru FELD.07.05-IP.01-003\/24. Umowa o dofinansowanie projektu zosta\u0142a zawarta z Wojew\u00f3dzkim Urz\u0119dem Pracy w \u0141odzi.<\/strong><\/p>\n<\/div>\n\n\n\n<div class=\"wp-block-group alignfull is-layout-constrained wp-container-core-group-is-layout-375c447b wp-block-group-is-layout-constrained\" id=\"whyus\" style=\"padding-top:60px;padding-bottom:60px\">\n<h2 class=\"wp-block-heading\">Realizatorzy projektu<\/h2>\n\n\n\n<div class=\"wp-block-columns is-layout-flex wp-container-core-columns-is-layout-29aadeec wp-block-columns-is-layout-flex\" style=\"margin-top:60px\">\n<div class=\"wp-block-column is-layout-flow wp-container-core-column-is-layout-6b73ce23 wp-block-column-is-layout-flow\">\n<figure class=\"wp-block-image size-full is-resized\"><img loading=\"lazy\" decoding=\"async\" width=\"512\" height=\"512\" src=\"https:\/\/akcjaantydyskryminacja.pl\/wp-content\/uploads\/2025\/07\/files-folders_983256.png\" alt=\"\" class=\"wp-image-184\" style=\"width:80px\" srcset=\"https:\/\/akcjaantydyskryminacja.pl\/wp-content\/uploads\/2025\/07\/files-folders_983256.png 512w, https:\/\/akcjaantydyskryminacja.pl\/wp-content\/uploads\/2025\/07\/files-folders_983256-300x300.png 300w, https:\/\/akcjaantydyskryminacja.pl\/wp-content\/uploads\/2025\/07\/files-folders_983256-150x150.png 150w\" sizes=\"auto, (max-width: 512px) 100vw, 512px\" \/><\/figure>\n\n\n\n<h3 class=\"wp-block-heading\" style=\"margin-top:16px\">SYLWIA SITKOWSKA PsychoLogika<\/h3>\n\n\n\n<p>Dzia\u0142a (od 2009 r.) przede wszystkim na rynku us\u0142ug psychologicznych i terapeutycznych, oferuje szerokie wsparcie \u2013 od indywidualnej terapii, przez wsparcie par, po dzia\u0142ania prospo\u0142eczne i edukacyjne.<\/p>\n<\/div>\n\n\n\n<div class=\"wp-block-column is-layout-flow wp-container-core-column-is-layout-6b73ce23 wp-block-column-is-layout-flow\">\n<figure class=\"wp-block-image size-full is-resized\"><img loading=\"lazy\" decoding=\"async\" width=\"512\" height=\"512\" src=\"https:\/\/akcjaantydyskryminacja.pl\/wp-content\/uploads\/2025\/07\/files-folders_983256.png\" alt=\"\" class=\"wp-image-184\" style=\"width:80px\" srcset=\"https:\/\/akcjaantydyskryminacja.pl\/wp-content\/uploads\/2025\/07\/files-folders_983256.png 512w, https:\/\/akcjaantydyskryminacja.pl\/wp-content\/uploads\/2025\/07\/files-folders_983256-300x300.png 300w, https:\/\/akcjaantydyskryminacja.pl\/wp-content\/uploads\/2025\/07\/files-folders_983256-150x150.png 150w\" sizes=\"auto, (max-width: 512px) 100vw, 512px\" \/><\/figure>\n\n\n\n<h3 class=\"wp-block-heading\" style=\"margin-top:16px\">Instytut Nauk Spo\u0142eczno-Ekonomicznych <br>Sp. z o.o.-Sp.k.<\/h3>\n\n\n\n<p>Prowadzi (od 2009 r.) badania spo\u0142eczno-ekonomiczne  oraz realizuje projekty finansowane z funduszy unijnych, m.in. w zakresie rynku pracy, przeciwdzia\u0142ania wykluczeniu spo\u0142ecznemu, gospodarki o obiegu zamkni\u0119tym oraz wsparcia przedsi\u0119biorczo\u015bci.<\/p>\n<\/div>\n<\/div>\n<\/div>\n\n\n\n<div class=\"wp-block-group alignfull has-background is-layout-constrained wp-container-core-group-is-layout-cfcca693 wp-block-group-is-layout-constrained\" id=\"contact\" style=\"background-color:#dde1f7;padding-top:104px;padding-bottom:104px\">\n<h2 class=\"wp-block-heading has-text-align-center has-ast-global-color-0-color has-text-color\">We\u017a udzia\u0142 <br>w projekcie!<\/h2>\n\n\n\n<div class=\"wp-block-buttons alignwide is-horizontal is-content-justification-center is-layout-flex wp-container-core-buttons-is-layout-bba8380a wp-block-buttons-is-layout-flex\" style=\"margin-top:50px\">\n<div class=\"wp-block-button\"><a class=\"wp-block-button__link wp-element-button\" href=\"https:\/\/akcjaantydyskryminacja.pl\/?page_id=111\">Rekrutacja<\/a><\/div>\n<\/div>\n<\/div>\n\n\n\n<p><\/p>\n","protected":false},"excerpt":{"rendered":"<p>Celem projektu Akcja ANTYDyskryminacja jest wsparcie aktywnego w\u0142\u0105czenia spo\u0142ecznego w celu promowania r\u00f3wno\u015bci szans, niedyskryminacji i aktywnego uczestnictwa, oraz zwi\u0119kszenie zdolno\u015bci do zatrudnienia u min. 204 (113 kobiet\/91 m\u0119\u017cczyzn) os\u00f3b znajduj\u0105cych si\u0119 w niekorzystnej sytuacji (tj. os\u00f3b, wobec kt\u00f3rych stosowano mow\u0119 nienawi\u015bci, gorsze traktowanie lub przemoc ze wzgl\u0119du na przes\u0142ank\u0119 pochodzenia etnicznego (przynale\u017cno\u015bci kulturalnej\/migracji), zamieszkuj\u0105cych [&hellip;]<\/p>\n","protected":false},"author":1,"featured_media":0,"parent":0,"menu_order":0,"comment_status":"closed","ping_status":"closed","template":"","meta":{"site-sidebar-layout":"no-sidebar","site-content-layout":"plain-container","ast-site-content-layout":"default","site-content-style":"default","site-sidebar-style":"default","ast-global-header-display":"","ast-banner-title-visibility":"","ast-main-header-display":"","ast-hfb-above-header-display":"","ast-hfb-below-header-display":"","ast-hfb-mobile-header-display":"","site-post-title":"disabled","ast-breadcrumbs-content":"","ast-featured-img":"","footer-sml-layout":"","theme-transparent-header-meta":"enabled","adv-header-id-meta":"","stick-header-meta":"","header-above-stick-meta":"","header-main-stick-meta":"","header-below-stick-meta":"","astra-migrate-meta-layouts":"default","ast-page-background-enabled":"default","ast-page-background-meta":{"desktop":{"background-color":"var(--ast-global-color-5)","background-image":"","background-repeat":"repeat","background-position":"center center","background-size":"auto","background-attachment":"scroll","background-type":"","background-media":"","overlay-type":"","overlay-color":"","overlay-opacity":"","overlay-gradient":""},"tablet":{"background-color":"","background-image":"","background-repeat":"repeat","background-position":"center center","background-size":"auto","background-attachment":"scroll","background-type":"","background-media":"","overlay-type":"","overlay-color":"","overlay-opacity":"","overlay-gradient":""},"mobile":{"background-color":"","background-image":"","background-repeat":"repeat","background-position":"center center","background-size":"auto","background-attachment":"scroll","background-type":"","background-media":"","overlay-type":"","overlay-color":"","overlay-opacity":"","overlay-gradient":""}},"ast-content-background-meta":{"desktop":{"background-color":"var(--ast-global-color-4)","background-image":"","background-repeat":"repeat","background-position":"center center","background-size":"auto","background-attachment":"scroll","background-type":"","background-media":"","overlay-type":"","overlay-color":"","overlay-opacity":"","overlay-gradient":""},"tablet":{"background-color":"var(--ast-global-color-4)","background-image":"","background-repeat":"repeat","background-position":"center center","background-size":"auto","background-attachment":"scroll","background-type":"","background-media":"","overlay-type":"","overlay-color":"","overlay-opacity":"","overlay-gradient":""},"mobile":{"background-color":"var(--ast-global-color-4)","background-image":"","background-repeat":"repeat","background-position":"center center","background-size":"auto","background-attachment":"scroll","background-type":"","background-media":"","overlay-type":"","overlay-color":"","overlay-opacity":"","overlay-gradient":""}},"footnotes":""},"class_list":["post-9","page","type-page","status-publish","hentry"],"_links":{"self":[{"href":"https:\/\/akcjaantydyskryminacja.pl\/index.php?rest_route=\/wp\/v2\/pages\/9","targetHints":{"allow":["GET"]}}],"collection":[{"href":"https:\/\/akcjaantydyskryminacja.pl\/index.php?rest_route=\/wp\/v2\/pages"}],"about":[{"href":"https:\/\/akcjaantydyskryminacja.pl\/index.php?rest_route=\/wp\/v2\/types\/page"}],"author":[{"embeddable":true,"href":"https:\/\/akcjaantydyskryminacja.pl\/index.php?rest_route=\/wp\/v2\/users\/1"}],"replies":[{"embeddable":true,"href":"https:\/\/akcjaantydyskryminacja.pl\/index.php?rest_route=%2Fwp%2Fv2%2Fcomments&post=9"}],"version-history":[{"count":58,"href":"https:\/\/akcjaantydyskryminacja.pl\/index.php?rest_route=\/wp\/v2\/pages\/9\/revisions"}],"predecessor-version":[{"id":261,"href":"https:\/\/akcjaantydyskryminacja.pl\/index.php?rest_route=\/wp\/v2\/pages\/9\/revisions\/261"}],"wp:attachment":[{"href":"https:\/\/akcjaantydyskryminacja.pl\/index.php?rest_route=%2Fwp%2Fv2%2Fmedia&parent=9"}],"curies":[{"name":"wp","href":"https:\/\/api.w.org\/{rel}","templated":true}]}}